{"id":2,"date":"2022-10-28T03:57:59","date_gmt":"2022-10-28T03:57:59","guid":{"rendered":"http:\/\/hidrogeotecnia.com.co\/?page_id=2"},"modified":"2023-03-04T04:05:48","modified_gmt":"2023-03-04T04:05:48","slug":"sample-page","status":"publish","type":"page","link":"https:\/\/hidrogeotecnia.com.co\/","title":{"rendered":"Servicios Especializados"},"content":{"rendered":"\n<p><\/p>\n\n\n\n<blockquote class=\"wp-block-quote is-layout-flow wp-block-quote-is-layout-flow\"><p>Diagn\u00f3stico y soluci\u00f3n de asuntos por interacci\u00f3n agua \/ macizo rocoso.<\/p><\/blockquote>\n\n\n\n<blockquote class=\"wp-block-quote is-layout-flow wp-block-quote-is-layout-flow\"><p>Evaluaci\u00f3n y dise\u00f1o basado en riesgos, para taludes, contenciones, excavaciones, cimentaciones y obras subterr\u00e1neas, por zonas y requerimientos puntuales de obra.<\/p><\/blockquote>\n\n\n\n<blockquote class=\"wp-block-quote is-layout-flow wp-block-quote-is-layout-flow\"><p>Exploraci\u00f3n y monitoreo geol\u00f3gico-geot\u00e9cnico (perforaciones, geof\u00edsica, laboratorio, inspecci\u00f3n, cartograf\u00eda)<\/p><\/blockquote>\n\n\n\n<blockquote class=\"wp-block-quote is-layout-flow wp-block-quote-is-layout-flow\"><p>Construcci\u00f3n de obras geot\u00e9cnicas: drenes, pozos, micropilotes, piez\u00f3metros, anclajes<\/p><\/blockquote>\n\n\n\n<blockquote class=\"wp-block-quote is-layout-flow wp-block-quote-is-layout-flow\"><p>Asesor\u00eda: Interventor\u00eda, auscultaci\u00f3n, administraci\u00f3n de proyectos, procesos causa-raiz, dise\u00f1o y ejecuci\u00f3n de estrategias de contingencia, estudios de mercado, salvamento de presupuesto y optimizaci\u00f3n de proyectos \u00e1giles mano a mano con el cliente.<\/p><\/blockquote>\n\n\n\n<p>Nuestra compa\u00f1\u00eda est\u00e1 consolidada desde 2016 en el mercado, de la mano de un equipo de especialistas y liderada por ingenieros con m\u00e1s de 13 a\u00f1os de experiencia en soluciones para infraestructura, miner\u00eda, geotecnia urbana y ordenamiento territorial).<\/p>\n","protected":false},"excerpt":{"rendered":"<p>Diagn\u00f3stico y soluci\u00f3n de asuntos por interacci\u00f3n agua \/ macizo rocoso. Evaluaci\u00f3n y dise\u00f1o basado en riesgos, para taludes, contenciones, excavaciones, cimentaciones y obras subterr\u00e1neas, por zonas y requerimientos puntuales de obra. Exploraci\u00f3n y monitoreo geol\u00f3gico-geot\u00e9cnico (perforaciones, geof\u00edsica, laboratorio, inspecci\u00f3n, cartograf\u00eda) Construcci\u00f3n de obras geot\u00e9cnicas: drenes, pozos, micropilotes, piez\u00f3metros, anclajes Asesor\u00eda: Interventor\u00eda, auscultaci\u00f3n, administraci\u00f3n de &hellip; <\/p>\n<div class=\"link-more text-center\"><a href=\"https:\/\/hidrogeotecnia.com.co\/\" class=\"more-link py-2 px-4\">Read More<span class=\"screen-reader-text\"> &#8220;Servicios Especializados&#8221;<\/span><\/a><\/div>\n","protected":false},"author":1,"featured_media":0,"parent":0,"menu_order":0,"comment_status":"closed","ping_status":"open","template":"","meta":{"om_disable_all_campaigns":false,"_monsterinsights_skip_tracking":false,"_monsterinsights_sitenote_active":false,"_monsterinsights_sitenote_note":"","_monsterinsights_sitenote_category":0,"footnotes":""},"aioseo_notices":[],"_links":{"self":[{"href":"https:\/\/hidrogeotecnia.com.co\/index.php?rest_route=\/wp\/v2\/pages\/2"}],"collection":[{"href":"https:\/\/hidrogeotecnia.com.co\/index.php?rest_route=\/wp\/v2\/pages"}],"about":[{"href":"https:\/\/hidrogeotecnia.com.co\/index.php?rest_route=\/wp\/v2\/types\/page"}],"author":[{"embeddable":true,"href":"https:\/\/hidrogeotecnia.com.co\/index.php?rest_route=\/wp\/v2\/users\/1"}],"replies":[{"embeddable":true,"href":"https:\/\/hidrogeotecnia.com.co\/index.php?rest_route=%2Fwp%2Fv2%2Fcomments&post=2"}],"version-history":[{"count":1,"href":"https:\/\/hidrogeotecnia.com.co\/index.php?rest_route=\/wp\/v2\/pages\/2\/revisions"}],"predecessor-version":[{"id":577,"href":"https:\/\/hidrogeotecnia.com.co\/index.php?rest_route=\/wp\/v2\/pages\/2\/revisions\/577"}],"wp:attachment":[{"href":"https:\/\/hidrogeotecnia.com.co\/index.php?rest_route=%2Fwp%2Fv2%2Fmedia&parent=2"}],"curies":[{"name":"wp","href":"https:\/\/api.w.org\/{rel}","templated":true}]}}